{"id":179,"date":"2016-05-08T22:25:43","date_gmt":"2016-05-09T01:25:43","guid":{"rendered":"http:\/\/marciovilaca.com\/site\/?page_id=179"},"modified":"2016-05-08T22:25:43","modified_gmt":"2016-05-09T01:25:43","slug":"tecnologia-sociedade-e-educacao-na-era-digital","status":"publish","type":"page","link":"https:\/\/inovarconecta.com.br\/inteligenciaartificial\/tecnologia-sociedade-e-educacao-na-era-digital\/","title":{"rendered":"Tecnologia, Sociedade e Educa\u00e7\u00e3o na Era Digital"},"content":{"rendered":"<p><strong><a href=\"http:\/\/marciovilaca.com\/site\/download\/185\/\" target=\"_blank\" rel=\"noopener noreferrer\"><img fetchpriority=\"high\" decoding=\"async\" class=\" size-medium wp-image-188 alignleft\" src=\"http:\/\/marciovilaca.com\/site\/wp-content\/uploads\/2016\/05\/Tecnologia-Sociedade-e-Educa\u00e7\u00e3o-na-Era-Digital-M\u00e1rcio-Vila\u00e7a-e-Elaine-Vasquez-218x300.png\" alt=\"Tecnologia, Sociedade e Educa\u00e7\u00e3o na Era Digital - M\u00e1rcio Vila\u00e7a e Elaine Vasquez\" width=\"218\" height=\"300\" \/><\/a>Tecnologia, Sociedade e Educa\u00e7\u00e3o na Era Digital<\/strong><\/p>\n<p><strong>M\u00e1rcio Luiz Corr\u00eaa Vila\u00e7a e Elaine Vasquez Ferreira de Araujo<\/strong><\/p>\n<p><strong>Editora UNIGRANRIO <\/strong><\/p>\n<p><strong><br \/>\n<\/strong><strong>ISBN : 978-85-88943-69-8<\/strong><\/p>\n<p><a href=\"http:\/\/marciovilaca.com\/site\/download\/185\/\" target=\"_blank\" rel=\"noopener noreferrer\">Fa\u00e7a aqui o download gratuito!\u00a0<\/a><\/p>\n<p><strong>\u00a0<\/strong><\/p>\n<p><strong>E-book <em>Tecnologia, Sociedade e Educa\u00e7\u00e3o na Era Digital<\/em>, organizado por mim e pela minha orientanda de doutorado\u00a0Elaine Vasquez Ferreira de Ara\u00fajo, publicado pela Editora UNIGRANRIO, com participa\u00e7\u00e3o de docentes, alunos e ex-alunos do PPG em Humanidades, Culturas e Artes da UNIGRANRIO. \u00a0<\/strong><\/p>\n<blockquote><p><strong>\u00a0<\/strong><\/p>\n<p>O livro aborda diferentes quest\u00f5es relacionadas \u00e0 complexa rela\u00e7\u00e3o entre tecnologia, sociedade e educa\u00e7\u00e3o, privilegiando discuss\u00f5es e perspectivas interdisciplinares. Os artigos foram escritos por pesquisadores de diferentes \u00e1reas do saber, que incluem Letras, Lingu\u00edstica Aplicada, Hist\u00f3ria, Literatura, Comunica\u00e7\u00e3o Social, Educa\u00e7\u00e3o e Matem\u00e1tica. O objetivo da publica\u00e7\u00e3o \u00e9 oferecer m\u00faltiplos olhares sobre as tecnologias digitais e pr\u00e1ticas sociais e discursivas. Linguagem, Educa\u00e7\u00e3o, Infoinclus\u00e3o, Sociedade da Informa\u00e7\u00e3o, Corpo, Cultura, Pol\u00edticas P\u00fablicas e Letramento Digital s\u00e3o algumas das tem\u00e1ticas abordadas.<\/p>\n<p><span style=\"line-height: 115%; letter-spacing: 0pt; font-family: 'Tahoma',sans-serif;\"><span style=\"color: #000000;\">A proposta do livro \u00e9 oferecer uma diversidade de discuss\u00f5es que permita um olhar sobre quest\u00f5es de cultura digital, tecnologias e pr\u00e1ticas sociais mediadas por tecnologias. Buscamos organizar os trabalhos em dois eixos b\u00e1sicos: 1) Tecnologia e Sociedade; 2) Tecnologia e Educa\u00e7\u00e3o. Optamos por partir do mais geral para o mais espec\u00edfico, sempre que poss\u00edvel privilegiando a educa\u00e7\u00e3o. <\/span><\/span><\/p><\/blockquote>\n<p><b><span style=\"color: black; font-family: 'Arial',sans-serif;\">\u00a0<\/span><\/b><\/p>\n","protected":false},"excerpt":{"rendered":"<p>Tecnologia, Sociedade e Educa\u00e7\u00e3o na Era Digital M\u00e1rcio Luiz Corr\u00eaa Vila\u00e7a e Elaine Vasquez Ferreira de Araujo Editora UNIGRANRIO ISBN : 978-85-88943-69-8 Fa\u00e7a aqui o download gratuito!\u00a0 \u00a0 E-book Tecnologia, &hellip; <\/p>\n","protected":false},"author":2,"featured_media":0,"parent":0,"menu_order":0,"comment_status":"closed","ping_status":"closed","template":"","meta":{"footnotes":""},"class_list":["post-179","page","type-page","status-publish","hentry"],"_links":{"self":[{"href":"https:\/\/inovarconecta.com.br\/inteligenciaartificial\/wp-json\/wp\/v2\/pages\/179","targetHints":{"allow":["GET"]}}],"collection":[{"href":"https:\/\/inovarconecta.com.br\/inteligenciaartificial\/wp-json\/wp\/v2\/pages"}],"about":[{"href":"https:\/\/inovarconecta.com.br\/inteligenciaartificial\/wp-json\/wp\/v2\/types\/page"}],"author":[{"embeddable":true,"href":"https:\/\/inovarconecta.com.br\/inteligenciaartificial\/wp-json\/wp\/v2\/users\/2"}],"replies":[{"embeddable":true,"href":"https:\/\/inovarconecta.com.br\/inteligenciaartificial\/wp-json\/wp\/v2\/comments?post=179"}],"version-history":[{"count":0,"href":"https:\/\/inovarconecta.com.br\/inteligenciaartificial\/wp-json\/wp\/v2\/pages\/179\/revisions"}],"wp:attachment":[{"href":"https:\/\/inovarconecta.com.br\/inteligenciaartificial\/wp-json\/wp\/v2\/media?parent=179"}],"curies":[{"name":"wp","href":"https:\/\/api.w.org\/{rel}","templated":true}]}}