{"id":240,"date":"2017-06-29T20:38:26","date_gmt":"2017-06-29T23:38:26","guid":{"rendered":"https:\/\/marciovilaca.com\/site\/?page_id=240"},"modified":"2017-06-29T20:38:26","modified_gmt":"2017-06-29T23:38:26","slug":"cultura-digital-educacao-linguagem-e-tecnologia","status":"publish","type":"page","link":"https:\/\/inovarconecta.com.br\/inteligenciaartificial\/cultura-digital-educacao-linguagem-e-tecnologia\/","title":{"rendered":"Cultura Digital, Educa\u00e7\u00e3o, Linguagem e Tecnologia"},"content":{"rendered":"<h3 style=\"text-align: center;\"><strong><br \/>\n<a href=\"https:\/\/marciovilaca.com\/site\/download\/238\/\"><img fetchpriority=\"high\" decoding=\"async\" class=\"alignleft size-medium wp-image-253\" src=\"https:\/\/marciovilaca.com\/site\/wp-content\/uploads\/2017\/06\/Capa-do-E-book-Cultura-Digital-e-Educa\u00e7\u00e3o-212x300.jpg\" alt=\"\" width=\"212\" height=\"300\" \/><\/a>Cultura Digital, Educa\u00e7\u00e3o, Linguagem e Tecnologia<\/strong><\/h3>\n<p><strong>M\u00e1rcio Luiz Corr\u00eaa Vila\u00e7a <\/strong><br \/>\n<strong>Elaine Vasquez Ferreira de Araujo <\/strong><br \/>\n<strong>(Organizadores)<\/strong><\/p>\n<p style=\"text-align: center;\"><em>Editora UNIGRANRIO<\/em><\/p>\n<p style=\"text-align: center;\">ISBN : 978-85-9549-028-4<br \/>\n<strong><a href=\"https:\/\/marciovilaca.com\/site\/download\/238\/\">Download Gratuito Aqui!\u00a0<\/a><\/strong><\/p>\n<p>Quest\u00f5es relacionadas \u00e0 complexa rela\u00e7\u00e3o entre Cultura Digital, Educa\u00e7\u00e3o, Tecnologia e Linguagem v\u00eam sendo discutidas e tratadas por diversos pesquisadores nos \u00faltimos anos, considerando a complexidade, abrang\u00eancia e relev\u00e2ncia do tema. Partindo do reconhecimento de que discuss\u00f5es s\u00e3o sempre pertinentes e devem ser constantemente examinadas e reexaminadas, este livro aborda a discuss\u00e3o desses temas, privilegiando a perspectiva interdisciplinar nos olhares e discuss\u00f5es sobre as tem\u00e1ticas aqui contempladas. Os artigos foram escritos por pesquisadores de diferentes \u00e1reas do saber, em destaque Letras, Lingu\u00edstica Aplicada e Educa\u00e7\u00e3o, escritos por pesquisadores mestres, doutores e doutorandos. Isso permite aprofundamento da contribui\u00e7\u00e3o acad\u00eamica da publica\u00e7\u00e3o. Esta publica\u00e7\u00e3o se insere no Grupo de Pesquisa Lingu\u00edstica Aplicada, Tecnologias e Educa\u00e7\u00e3o (LATED), cadastrado no Diret\u00f3rio do CNPq, do qual os organizadores e alguns autores participam. M\u00e1rcio Vila\u00e7a \u00e9 l\u00edder do grupo de pesquisa. Elaine Vasquez, que \u00e9 estudante de doutorado sob orienta\u00e7\u00e3o de M\u00e1rcio Vila\u00e7a, tamb\u00e9m \u00e9 participante do grupo. Este livro d\u00e1 continuidade \u00e0 proposta do livro <em>Tecnologia, Sociedade e Educa\u00e7\u00e3o na Era Digital<\/em> (2016), que teve os mesmos organizadores e conta com v\u00e1rios autores em comum com o primeiro livro. No entanto, neste trabalho privilegiamos a quest\u00e3o das Tecnologias Digitais e a Educa\u00e7\u00e3o como tem\u00e1tica norteadora central, enquanto o livro anterior abordava quest\u00f5es mais amplas.<\/p>\n<p>O objetivo dos artigos reunidos neste livro \u00e9 oferecer uma diversidade de discuss\u00f5es e colaborar com m\u00faltiplos olhares sobre as rela\u00e7\u00f5es entre pr\u00e1ticas sociais e discursivas, tecnologias digitais de informa\u00e7\u00e3o e comunica\u00e7\u00e3o, cultura digital e contexto escolar. Cibercultura, Educa\u00e7\u00e3o, Letramento, Linguagem, Hipertexto, Redes Sociais, G\u00eaneros Textuais Digitais, Ensino de L\u00ednguas Estrangeiras, Educa\u00e7\u00e3o Inclusiva, Educa\u00e7\u00e3o a dist\u00e2ncia e Forma\u00e7\u00e3o de Professores s\u00e3o algumas das tem\u00e1ticas abordadas.<\/p>\n","protected":false},"excerpt":{"rendered":"<p>Cultura Digital, Educa\u00e7\u00e3o, Linguagem e Tecnologia M\u00e1rcio Luiz Corr\u00eaa Vila\u00e7a Elaine Vasquez Ferreira de Araujo (Organizadores) Editora UNIGRANRIO ISBN : 978-85-9549-028-4 Download Gratuito Aqui!\u00a0 Quest\u00f5es relacionadas \u00e0 complexa rela\u00e7\u00e3o entre &hellip; <\/p>\n","protected":false},"author":2,"featured_media":0,"parent":0,"menu_order":0,"comment_status":"closed","ping_status":"closed","template":"","meta":{"footnotes":""},"class_list":["post-240","page","type-page","status-publish","hentry"],"_links":{"self":[{"href":"https:\/\/inovarconecta.com.br\/inteligenciaartificial\/wp-json\/wp\/v2\/pages\/240","targetHints":{"allow":["GET"]}}],"collection":[{"href":"https:\/\/inovarconecta.com.br\/inteligenciaartificial\/wp-json\/wp\/v2\/pages"}],"about":[{"href":"https:\/\/inovarconecta.com.br\/inteligenciaartificial\/wp-json\/wp\/v2\/types\/page"}],"author":[{"embeddable":true,"href":"https:\/\/inovarconecta.com.br\/inteligenciaartificial\/wp-json\/wp\/v2\/users\/2"}],"replies":[{"embeddable":true,"href":"https:\/\/inovarconecta.com.br\/inteligenciaartificial\/wp-json\/wp\/v2\/comments?post=240"}],"version-history":[{"count":0,"href":"https:\/\/inovarconecta.com.br\/inteligenciaartificial\/wp-json\/wp\/v2\/pages\/240\/revisions"}],"wp:attachment":[{"href":"https:\/\/inovarconecta.com.br\/inteligenciaartificial\/wp-json\/wp\/v2\/media?parent=240"}],"curies":[{"name":"wp","href":"https:\/\/api.w.org\/{rel}","templated":true}]}}