{"id":46,"date":"2015-07-25T10:09:36","date_gmt":"2015-07-25T13:09:36","guid":{"rendered":"http:\/\/marciovilaca.com\/site\/?page_id=39"},"modified":"2024-11-03T14:21:27","modified_gmt":"2024-11-03T17:21:27","slug":"artigos","status":"publish","type":"page","link":"https:\/\/inovarconecta.com.br\/inteligenciaartificial\/artigos\/","title":{"rendered":"Artigos"},"content":{"rendered":"<p>Aqui voc\u00ea encontra links para alguns dos meus artigos completos sobre tecnologia, educa\u00e7\u00e3o, cultura digital, letramento digital online!<\/p>\n<div class=\"artigo-completo\"><\/div>\n<div class=\"artigo-completo\">\n<div class=\"layout-cell layout-cell-11\">\n<p>GONCALVES, L. A. C. ;\u00a0<strong>VILA\u00c7A, M\u00e1rcio Luiz Corr\u00eaa<\/strong> . Intelig\u00eancia Artificial na Educa\u00e7\u00e3o: Uma An\u00e1lise Interdisciplinar Sobre Possibilidades, Riscos e Desafios. InterScience Place, v. 19, p. 261, 2024. <a href=\"https:\/\/www.interscienceplace.org\/index.php\/isp\/article\/view\/740\" target=\"_blank\" rel=\"noopener\">Acesse Aqui!\u00a0<\/a><\/p>\n<p>GONCALVES, L. A. C. ;\u00a0<strong>VILA\u00c7A, M\u00e1rcio Luiz Corr\u00eaa<\/strong> ; TAVARES, K. C. A. . Do letramento digital ao letramento digital m\u00f3vel: conceitos e pr\u00e1ticas sociais. Linguagem &amp; Ensino (UCPel), v. 27, p. 30, 2024. <a href=\"https:\/\/periodicos.ufpel.edu.br\/index.php\/rle\/article\/view\/26738\" target=\"_blank\" rel=\"noopener\">Acesse Aqui!\u00a0<\/a><\/p>\n<p>GON\u00c7ALVES, L. A. C. ;\u00a0<strong>VILA\u00c7A, M\u00e1rcio Luiz Corr\u00eaa<\/strong> ; TAVARES, K. C, Do A. Cultura digital e educa\u00e7\u00e3o: novas possibilidades, novos desafios para a forma\u00e7\u00e3o docente.\u00a0(Con)Textos Lingu\u00edsticos, v. 18, p. 418-433, 2024. <a href=\"https:\/\/periodicos.ufes.br\/contextoslinguisticos\/article\/view\/43914\" target=\"_blank\" rel=\"noopener\">Acesse Aqui! <\/a><\/p>\n<p><strong>VILA\u00c7A, M\u00e1rcio Luiz Corr\u00eaa<\/strong>; GONCALVES, L. A. C. Tecnologias, Educa\u00e7\u00e3o e Linguagem: Conex\u00f5es Interdisciplinares. InterScience Place. N. 5 Vol. 17, 2022. <a href=\"http:\/\/www.interscienceplace.org\/index.php\/isp\/article\/view\/460\/152\">Acesse Aqui!\u00a0<\/a><\/p>\n<\/div>\n<\/div>\n<p><strong><br \/>\nVILA\u00c7A, M\u00e1rcio Luiz Corr\u00eaa<\/strong>; GONCALVES, L. A. C. Forma\u00e7\u00e3o de Professores para a Inova\u00e7\u00e3o em Educa\u00e7\u00e3o: Dimens\u00f5es al\u00e9m de aplicativos e dispositivos. Anais do CIET:CIESUD:2022, S\u00e3o Carlos, set. 2022.<a href=\"https:\/\/ciet.ufscar.br\/submissao\/index.php\/2022\/article\/view\/2303\"><strong> Acesse Aqui!\u00a0<\/strong><\/a><\/p>\n<p>GONCALVES, L. A. C; <strong>VILA\u00c7A, M\u00e1rcio Luiz Corr\u00eaa<\/strong>. Letramento M\u00f3vel e Forma\u00e7\u00e3o Docente: perspectivas sobre o uso de tecnologias m\u00f3veis na Educa\u00e7\u00e3o. InterScience Place. N. 5 Vol. 17, 2022. <a href=\"http:\/\/www.interscienceplace.org\/index.php\/isp\/article\/view\/461\/153\">Acesse aqui!\u00a0<\/a><\/p>\n<p>GONCALVES, L. A. C; <strong>VILA\u00c7A, M\u00e1rcio Luiz Corr\u00eaa<\/strong>. O Estudo de Caso On-Line na Pesquisa sobre Forma\u00e7\u00e3o de Professores InterScience Place. N. 5 Vol. 17, 2022. <a href=\"http:\/\/www.interscienceplace.org\/index.php\/isp\/article\/view\/462\/154\">Acesse Aqui!\u00a0<\/a><\/p>\n<p>VILA\u00c7A, M\u00e1rcio Luiz Corr\u00eaa; GONCALVES, L. A. C. . Cultura Digital E Ensino De L\u00ednguas: Desafios Da Forma\u00e7\u00e3o De Professores. REVISTA PHILOLOGUS, v. 81, p. 894, 2021. <a href=\"https:\/\/revistaphilologus.org.br\/index.php\/rph\/article\/view\/932\">Acesse Aqui!\u00a0<\/a><\/p>\n<p>ARAUJO, E. V. F. ; <strong>VILA\u00c7A, M\u00e1rcio Luiz Corr\u00eaa<\/strong> . Abordagem do contexto digital nos livros did\u00e1ticos de l\u00edngua portuguesa do ensino m\u00e9dio: reflex\u00f5es sobre o PNLD. REVISTA E-SCRITA: REVISTA DO CURSO DE LETRAS DA UNIABEU , v. 11, p. 53, 2020. <a href=\"https:\/\/revista.uniabeu.edu.br\/index.php\/RE\/article\/view\/4004\">Acesse Aqui!\u00a0<\/a><\/p>\n<p>CAMPOS PAULINO, SILVIA ; <strong>VILA\u00c7A, M\u00e1rcio Luiz Corr\u00eaa<\/strong> ; FORTUNA, Daniele Ribeiro. Vidas expostas na rede: uma an\u00e1lise sobre direito ao esquecimento, redes sociais e jornalismo digital. Idea\u00e7\u00e3o (UNIOESTE. IMPRESSO), v. 22, p. 182-201, 2020. <a href=\"https:\/\/e-revista.unioeste.br\/index.php\/ideacao\/article\/view\/24959\">Acesse Aqui!<\/a><\/p>\n<p>ARAUJO, E. V. F. ; <strong>VILA\u00c7A, M\u00e1rcio Luiz Corr\u00eaa<\/strong> . Leitura Digital: Desafios e Perspectivas de Textos em Suportes On-Line. REVISTA PHILOLOGUS, v. 24, p. 133, 2018. <a href=\"http:\/\/www.filologia.org.br\/rph\/ANO24\/70supl\/012.pdf\">Acesse o artigo aqui!\u00a0<\/a><\/p>\n<p><strong>VILA\u00c7A, M\u00e1rcio Luiz Corr\u00eaa.<\/strong> Cultura digital, letramento digital e forma\u00e7\u00e3o de professores de l\u00ednguas estrangeiras. CADERNOS DO CNLF (CIFEFIL), v. 21, p. 1761, 2017. <a href=\"http:\/\/www.filologia.org.br\/xxi_cnlf\/cnlf\/tomo2\/0128.pdf\">Acesse o artigo aqui!<\/a><\/p>\n<p>ARAUJO, E. V. F. ; <strong>VILA\u00c7A, M\u00e1rcio Luiz Corr\u00eaa .<\/strong> F\u00f3runs de discuss\u00e3o na Ead: intera\u00e7\u00e3o, linguagem e comunica\u00e7\u00e3o no ambiente virtual de aprendizagem. Revista Philologus, v. 64, p. 536, 2016. <a href=\"http:\/\/www.filologia.org.br\/rph\/ANO22\/64supl\/038.pdf\">Acesse o artigo aqui! <\/a><\/p>\n<p>ARAUJO, E. V. F. ; <strong>VILA\u00c7A, M\u00e1rcio Luiz Corr\u00eaa<\/strong> . Letramentos m\u00faltiplos: diversidade de pr\u00e1ticas culturais e sociais de leitura e escrita. Revista Philologus, v. 64, p. 614, 2016. <a href=\"http:\/\/www.filologia.org.br\/rph\/ANO22\/64supl\/043.pdf\">Acesse o artigo aqui! <\/a><\/p>\n<p>ARAUJO, E. V. F. ; <strong>VILA\u00c7A, M\u00e1rcio Luiz Corr\u00eaa<\/strong> . Compet\u00eancia Tecnol\u00f3gica na EaD: Uma An\u00e1lise dos Conhecimentos e Habilidades Necess\u00e1rias ao Tutor. Cadernos do CNLF (CiFEFil), v. 20, p. 110, 2016. <a href=\"http:\/\/filologia.org.br\/xx_cnlf\/cnlf\/cnlf_03\/007.pdf\">Acesse o artigo aqui! <\/a><\/p>\n<p>FORTUNA, D. R. ; <strong>VILA\u00c7A, M\u00e1rcio Luiz Corr\u00eaa<\/strong> ; OLIVEIRA, E. A. S. . O BLOG COMO FERRAMENTA DO LETRAMENTO DIGITAL. Cadernos do CNLF (CiFEFil), v. 20, p. 176, 2016. <a href=\"http:\/\/www.filologia.org.br\/xx_cnlf\/cnlf\/cnlf_09\/013.pdf\">Acesse o artigo aqui!<\/a><\/p>\n<p>COSTA, D. M. ; PUGGIAN, C. ;<strong> VILA\u00c7A, M\u00e1rcio Luiz Corr\u00eaa<\/strong> . Lousa Digital No Ensino De L\u00edngua Inglesa: O Que Os Professores Dizem Sobre Sua Pr\u00e1tica?. InterScience Place, v. 11, p. 115, 2016. <a href=\"http:\/\/www.interscienceplace.org\/isp\/index.php\/isp\/article\/view\/582\">Acesse o artigo aqui!<\/a><\/p>\n<p><strong>VILA\u00c7A, M\u00e1rcio Luiz Corr\u00eaa<\/strong> ; RIBEIRO, S. R. O. . Interfaces entre Tecnologia e Linguagem: g\u00eaneros textuais digitais. Revista UNIABEU, v. 8, p. 334, 2015.<\/p>\n<p>COSTA, D. M. ; Puggian, Cleonice ; <strong>VILA\u00c7A, M\u00e1rcio Luiz Corr\u00eaa<\/strong> . O professor reflexivo de ingl\u00eas e o uso de novas tecnologias. Cadernos do CNLF (CiFEFil), v. 18, p. 134, 2014.\u00a0 <a href=\"http:\/\/www.filologia.org.br\/xviii_cnlf\/cnlf\/10\/010.pdf\">Acesse o artigo aqui!<\/a><\/p>\n<p>LIMA, J. C. P. ; FORTUNA, D. R. ; <strong>VILA\u00c7A, M\u00e1rcio Luiz Corr\u00eaa<\/strong> . \u00c0 MARGEM DA POESIA MARGINAL: A POESIA DE ANA CRISTINA C\u00c9SAR.. Concinnitas (Online) (Rio de Janeiro), v. 1, p. 1, 2014.<\/p>\n<p><strong>VILA\u00c7A, M\u00e1rcio Luiz Corr\u00eaa<\/strong> . Educa\u00e7\u00e3o, Tecnologia e Cibercultura: entre impactos, possibilidades e desafios. Revista UNIABEU, v. 7, p. 60-75, 2014.\u00a0 <a href=\"http:\/\/www.uniabeu.edu.br\/publica\/index.php\/RU\/article\/view\/1423\/pdf_99\">Acesse o artigo aqui!<\/a><\/p>\n<p>RIBEIRO, S. R. O. ; <strong>VILA\u00c7A, M\u00e1rcio Luiz Corr\u00eaa<\/strong> . TECNOLOGIA, LINGUAGEM E EDUCA\u00c7\u00c3O A DIST\u00c2NCIA. Cadernos do CNLF (CiFEFil), v. 18, p. 397, 2014.\u00a0 <a href=\"http:\/\/www.filologia.org.br\/xviii_cnlf\/cnlf\/07\/030.pdf\">Acesse o artigo aqui! <\/a><\/p>\n<p>RIBEIRO, S. R. O. ; <strong>VILA\u00c7A, M\u00e1rcio Luiz Corr\u00eaa<\/strong> . E-Book: Tecnologia. Educa\u00e7\u00e3o e Leitura. Cadernos do CNLF (CiFEFil), v. XVII, p. 100, 2013. <a href=\"http:\/\/www.filologia.org.br\/xvii_cnlf\/trab_completos\/E-book-%20tecnologia,%20educa%C3%A7%C3%A3o%20e%20leitura%20-%20SIMONE.pdf\">Acesse o artigo aqui! <\/a><\/p>\n<p>COSTA, D. M. ; Puggian, Cleonice ; <strong>VILA\u00c7A, M\u00e1rcio Luiz Corr\u00eaa<\/strong> . A Lousa Digital Como Instrumento De Ruptura Das Barreiras F\u00edsicas Da Sala De Aula. Cadernos do CNLF (CiFEFil), v. XVII, p. 32, 2013. <a href=\"http:\/\/www.filologia.org.br\/xvii_cnlf\/cnlf\/06\/03.pdf\">Acesse o artigo aqui!<\/a><\/p>\n<p><strong>VILA\u00c7A, M\u00e1rcio Luiz Corr\u00eaa<\/strong> . LIVROS DID\u00c1TICOS DE L\u00cdNGUAS E AS NOVAS TECNOLOGIAS: REFLEX\u00d5ES E QUEST\u00d5ES PARA AVALIA\u00c7\u00c3O E AN\u00c1LISE. Revista Eletr\u00f4nica do Instituto de Humanidades, v. 38, p. 80, 2013. <a href=\"http:\/\/publicacoes.unigranrio.com.br\/index.php\/reihm\/article\/viewFile\/2137\/988\">Acesse o artigo aqui!<\/a><\/p>\n<p><strong>VILA\u00c7A, M\u00e1rcio Luiz Corr\u00eaa<\/strong> . AMBIENTES VIRTUAIS DE APRENDIZAGEM:TECNOLOGIA, EDUCA\u00c7\u00c3O E COMUNICA\u00c7\u00c3O. Cadernos do CNLF (CiFEFil), v. XVII, p. 16, 2013. <a href=\"http:\/\/www.filologia.org.br\/xvii_cnlf\/cnlf\/10\/02.pdf\">Acesse o artigo aqui! <\/a><\/p>\n<p>COSTA, R. C. ; <strong>VILA\u00c7A, M\u00e1rcio Luiz Corr\u00eaa<\/strong> . O uso da rede social Facebook no ensino de L\u00edngua Portuguesa. Revista Philologus, v. 19, p. 812, 2013. <a href=\"http:\/\/www.filologia.org.br\/revista\/57supl\/79.pdf\">Acesse o artigo aqui!<\/a><\/p>\n<p><strong>VILA\u00c7A, M\u00e1rcio Luiz Corr\u00eaa<\/strong> ; ARAUJO, E. V. F. . Quest\u00f5es de comunica\u00e7\u00e3o na era digital: tecnologia, cibercultura e linguagem. Revista e-scrita: revista do curso de Letras da UNIABEU, v. 3, p. 58-72, 2012.\u00a0<a href=\"http:\/\/www.uniabeu.edu.br\/publica\/index.php\/RE\/article\/viewFile\/457\/pdf_239\"> Acesse o artigo aqui!<\/a><\/p>\n<p><strong>VILA\u00c7A, M\u00e1rcio Luiz Corr\u00eaa<\/strong> . Tecnologias e Livros Did\u00e1ticos de L\u00ednguas: Novas Possibilidades, Novos Desafios. Cadernos do CNLF (CiFEFil), v. XVI, p. 1202-1210, 2012. <a href=\"http:\/\/www.filologia.org.br\/xvi_cnlf\/tomo_1\/105.pdf\">Acesse o Artigo aqui!<\/a><\/p>\n<p><strong>VILA\u00c7A, M\u00e1rcio Luiz Corr\u00eaa<\/strong> . A Elabora\u00e7\u00e3o de Materiais Did\u00e1ticos de L\u00ednguas Estrangeiras: Autoria, Princ\u00edpios e Abordagens. Cadernos do CNLF (CiFEFil), v. XVI, p. 51-60, 2012.\u00a0 <a href=\"http:\/\/www.filologia.org.br\/xvi_cnlf\/tomo_1\/004.pdf\">Acesse o artigo aqui!<\/a><\/p>\n<p><strong>VILA\u00c7A, M\u00e1rcio Luiz Corr\u00eaa<\/strong> . O uso de terminologias em l\u00edngua inglesa em educa\u00e7\u00e3o a dist\u00e2ncia. Cadernos do CNLF (CiFEFil), v. XV, p. 862-868, 2011. <a href=\"http:\/\/www.filologia.org.br\/xv_cnlf\/tomo_1\/75.pdf\">Acesse o artigo aqui!<\/a><\/p>\n<p><strong>VILA\u00c7A, M\u00e1rcio Luiz Corr\u00eaa<\/strong> . Web 2.0 e materiais did\u00e1ticos de l\u00ednguas: reflex\u00f5es necess\u00e1rias. Cadernos do CNLF (CiFEFil), v. XV, p. 1017-1025, 2011. <a href=\"http:\/\/www.filologia.org.br\/xv_cnlf\/tomo_1\/90.pdf\">Acesse o artigo aqui!<\/a><\/p>\n<p><strong>VILA\u00c7A, M\u00e1rcio Luiz Corr\u00eaa<\/strong> . Tecnologia e educa\u00e7\u00e3o: introdu\u00e7\u00e3o \u00e0 compet\u00eancia tecnol\u00f3gica para o ensino online. Revista E-scrita: revista do curso de Letras da UNIABEU, v. 2, p. 113-122, 2011. <a href=\"http:\/\/revista.uniabeu.edu.br\/index.php\/RE\/article\/view\/176\">Acesse o artigo aqui!<\/a><\/p>\n<p><strong>VILA\u00c7A, M\u00e1rcio Luiz Corr\u00eaa<\/strong> . Educa\u00e7\u00e3o a Dist\u00e2ncia e Tecnologias: conceitos, termos e um pouco de hist\u00f3ria. Revista Magistro, v. 1, p. 89-101, 2010. <a href=\"http:\/\/publicacoes.unigranrio.edu.br\/index.php\/magistro\/article\/view\/1197\">Acesse o artigo aqui!<\/a><\/p>\n<p>&nbsp;<\/p>\n<p>&nbsp;<\/p>\n<div class=\"artigo-completo\"><\/div>\n","protected":false},"excerpt":{"rendered":"<p>Aqui voc\u00ea encontra links para alguns dos meus artigos completos sobre tecnologia, educa\u00e7\u00e3o, cultura digital, letramento digital online! GONCALVES, L. A. C. ;\u00a0VILA\u00c7A, M\u00e1rcio Luiz Corr\u00eaa . Intelig\u00eancia Artificial na &hellip; <\/p>\n","protected":false},"author":2,"featured_media":0,"parent":0,"menu_order":0,"comment_status":"closed","ping_status":"closed","template":"","meta":{"footnotes":""},"class_list":["post-46","page","type-page","status-publish","hentry"],"_links":{"self":[{"href":"https:\/\/inovarconecta.com.br\/inteligenciaartificial\/wp-json\/wp\/v2\/pages\/46","targetHints":{"allow":["GET"]}}],"collection":[{"href":"https:\/\/inovarconecta.com.br\/inteligenciaartificial\/wp-json\/wp\/v2\/pages"}],"about":[{"href":"https:\/\/inovarconecta.com.br\/inteligenciaartificial\/wp-json\/wp\/v2\/types\/page"}],"author":[{"embeddable":true,"href":"https:\/\/inovarconecta.com.br\/inteligenciaartificial\/wp-json\/wp\/v2\/users\/2"}],"replies":[{"embeddable":true,"href":"https:\/\/inovarconecta.com.br\/inteligenciaartificial\/wp-json\/wp\/v2\/comments?post=46"}],"version-history":[{"count":12,"href":"https:\/\/inovarconecta.com.br\/inteligenciaartificial\/wp-json\/wp\/v2\/pages\/46\/revisions"}],"predecessor-version":[{"id":1109,"href":"https:\/\/inovarconecta.com.br\/inteligenciaartificial\/wp-json\/wp\/v2\/pages\/46\/revisions\/1109"}],"wp:attachment":[{"href":"https:\/\/inovarconecta.com.br\/inteligenciaartificial\/wp-json\/wp\/v2\/media?parent=46"}],"curies":[{"name":"wp","href":"https:\/\/api.w.org\/{rel}","templated":true}]}}