{"id":582,"date":"2019-08-10T22:32:10","date_gmt":"2019-08-10T22:32:10","guid":{"rendered":"https:\/\/inovarconecta.com.br\/site\/?page_id=23"},"modified":"2024-11-02T13:46:55","modified_gmt":"2024-11-02T16:46:55","slug":"marcio-vilaca","status":"publish","type":"page","link":"https:\/\/inovarconecta.com.br\/inteligenciaartificial\/marcio-vilaca\/","title":{"rendered":"M\u00e1rcio Vila\u00e7a"},"content":{"rendered":"\r\n<figure id=\"attachment_1055\" aria-describedby=\"caption-attachment-1055\" style=\"width: 300px\" class=\"wp-caption alignleft\"><img fetchpriority=\"high\" decoding=\"async\" class=\"size-medium wp-image-1055\" src=\"https:\/\/inovarconecta.com.br\/inteligenciaartificial\/wp-content\/uploads\/2024\/11\/Perfil-Formal-Portfolio-300x296.jpg\" alt=\"Prof. Dr. M\u00e1rcio Vila\u00e7a\" width=\"300\" height=\"296\" srcset=\"https:\/\/inovarconecta.com.br\/inteligenciaartificial\/wp-content\/uploads\/2024\/11\/Perfil-Formal-Portfolio-300x296.jpg 300w, https:\/\/inovarconecta.com.br\/inteligenciaartificial\/wp-content\/uploads\/2024\/11\/Perfil-Formal-Portfolio-768x758.jpg 768w, https:\/\/inovarconecta.com.br\/inteligenciaartificial\/wp-content\/uploads\/2024\/11\/Perfil-Formal-Portfolio.jpg 828w\" sizes=\"(max-width: 300px) 100vw, 300px\" \/><figcaption id=\"caption-attachment-1055\" class=\"wp-caption-text\">Prof. Dr. M\u00e1rcio Vila\u00e7a<\/figcaption><\/figure>\r\n<h2><strong>Prof. Dr. M\u00e1rcio Luiz Corr\u00eaa Vila\u00e7a<\/strong><\/h2>\r\n<p>Curr\u00edculo Lattes:<a href=\"http:\/\/lattes.cnpq.br\/8277768121091487\" target=\"_blank\" rel=\"noopener\"> http:\/\/lattes.cnpq.br\/8277768121091487\u00a0<\/a><\/p>\r\n\r\n\r\n\r\n<p><strong>Forma\u00e7\u00e3o:<\/strong><\/p>\r\n\r\n\r\n\r\n<p>Doutor em Letras (Estudos da Linguagem) pela UFF<br \/>Mestre em Lingu\u00edstica Aplicada pela UFRJ<br \/>Especialista em Arquitetura e Gest\u00e3o de Infraestrutura em TI<br \/>Bacharel e Licenciado em Letras (Portugu\u00eas-Ingl\u00eas) pela UFRJ<\/p>\r\n\r\n\r\n\r\n<p>&nbsp;<\/p>\r\n<p><strong>Bolsas de Produtividade e Pesquisa<\/strong><\/p>\r\n\r\n\r\n\r\n<p>Jovem Cientista do Nosso Estado &#8211; JCNE (FAPERJ) (Edital 2016-2019)<br \/>Jovem Cientista do Nosso Estado &#8211; JCNE (FAPERJ) (Edital 2021-2024)<br \/>Bolsista de Produtividade em Pesquisa 1A \u2013 UNIGRANRIO\/FUNADESP (de agosto de 2013 a julho de 2019)<\/p>\r\n<p>&nbsp;<\/p>\r\n<p>Contemplado 2 vezes como Jovem Cientista do Nosso Estado da FAPERJ em 2016 (Edital 2016-2019) e em 2021 &#8211; (Edital 2021-2023).\u00a0 Tem 18 anos de experi\u00eancia no Ensino Superior, 12 anos de experi\u00eancia como professor e pesquisador de Programa de P\u00f3s-Gradua\u00e7\u00e3o (Mestrado e Doutorado), j\u00e1 tendo orientado mais de 20 disserta\u00e7\u00f5es e teses. Foi Bolsista de Produtividade em Pesquisa FUNADESP\/UNIGRANRIO 1A entre 2013 e 2019. Experi\u00eancia de Gest\u00e3o em cursos de Especializa\u00e7\u00e3o, Mestrado e Doutorado.\u00a0 Atualmente \u00e9 Coordenador dos cursos de Mestrado e Doutorado do Programa de P\u00f3s-Gradua\u00e7\u00e3o em Humanidades, Culturas e Artes da UNIGRANRIO. Anteriormente foi coordenador do Mestrado do Programa de P\u00f3s-Gradua\u00e7\u00e3o em Humanidades, Culturas e Artes da UNIGRANRIO.<\/p>\r\n<p>Autor de dezenas de artigos sobre cultura digital, tecnologias digitais, ensino de l\u00ednguas, livros did\u00e1ticos, educa\u00e7\u00e3o a dist\u00e2ncia, letramento digital, estrat\u00e9gia de aprendizagem, entre outros temas. Autor de cap\u00edtulos de livros. Autor de 3 livros de ensino de l\u00edngua inglesa. Organizador de livros acad\u00eamicos.<\/p>\r\n<p>Tem experi\u00eancia na \u00e1rea de L\u00edngua Inglesa, L\u00edngua Portuguesa e Lingu\u00edstica, com \u00eanfase Lingu\u00edstica Aplicada e em Ensino de L\u00ednguas , atuando e publicando principalmente nos seguintes temas: lingu\u00edstica aplicada, ensino\/aprendizagem de l\u00ednguas, tecnologia e ensino, cibercultura e letramento digital, forma\u00e7\u00e3o de professores, ensino de l\u00edngua inglesa e materiais did\u00e1ticos. \u00c9 autor de artigos sobre ensino de l\u00ednguas estrangeiras, ensino de l\u00edngua materna, tecnologia e Educa\u00e7\u00e3o, materiais did\u00e1ticos de l\u00ednguas, educa\u00e7\u00e3o a dist\u00e2ncia.<\/p>\r\n<p>Membro de Conselho Editorial e Parecerista de Diferentes Peri\u00f3dicos nas \u00e1reas de Letras, Educa\u00e7\u00e3o e Interdisciplinar e de Ag\u00eancia de Fomento.\u00a0<\/p>\r\n<p>Tem experi\u00eancia tamb\u00e9m na \u00e1rea de Educa\u00e7\u00e3o a Dist\u00e2ncia (EaD) ministrando cursos em Ambiente Virtual de Aprendizagem.<\/p>\r\n\r\n\r\n\r\n<p><strong>Atua\u00e7\u00e3o Atual:<\/strong><\/p>\r\n\r\n\r\n\r\n<p>Professor do Programa de P\u00f3s-Gradua\u00e7\u00e3o em Humanidades, Culturas e Artes da UNIGRANRIO<\/p>\r\n<p>Coordenador do Programa de P\u00f3s-Gradua\u00e7\u00e3o em Humanidades, Culturas e Artes da UNIGRANRIO (Mestrado e Doutorado)<\/p>\r\n\r\n\r\n\r\n<p>Membro do Comit\u00ea de \u00c9tica em Pesquisa da UNIGRANRIO<\/p>\r\n\r\n\r\n\r\n<p><strong>Experi\u00eancia em Gest\u00e3o Acad\u00eamica:<\/strong><\/p>\r\n<p>Coordenador do Programa de P\u00f3s-Gradua\u00e7\u00e3o em Humanidades, Culturas e Artes da UNIGRANRIO (Setembro de 2019 at\u00e9 o momento)<\/p>\r\n\r\n\r\n\r\n<p>Coordena\u00e7\u00e3o do Mestrado Acad\u00eamico em Humanidades, Culturas e Artes da UNIGRANRIO (Setembro de 2015 a janeiro de 2018)<\/p>\r\n\r\n\r\n\r\n<p>Coordena\u00e7\u00e3o da Especializa\u00e7\u00e3o em L\u00edngua Portuguesa (2010 a Julho de 2013)<\/p>\r\n\r\n\r\n\r\n<p><strong>Curr\u00edculo Completo \u2013 Link para o Lattes:<\/strong> <a href=\"http:\/\/lattes.cnpq.br\/8277768121091487\" target=\"_blank\" rel=\"noreferrer noopener\">Lattes \u2013 M\u00e1rcio Luiz Corr\u00eaa Vila\u00e7a<br \/><\/a><br \/><strong>Membro de Corpo Editorial<\/strong><\/p>\r\n\r\n\r\n\r\n<p>2009 \u2013 Atual \u2013 Revista Eletr\u00f4nica do Instituto de Humanidades<br \/>2010 \u2013 Atual \u2013 Revista E-scrita<br \/>2010 \u2013 Atual \u2013 Revista Magistro<br \/>2010 \u2013 Atual \u2013 Revista UNIABEU<br \/>2010 \u2013 Atual \u2013 Linguagem. Estudos e Pesquisas (UFG)<br \/>2013 \u2013 Atual \u2013 Almanaque Unigranrio de Pesquisa<br \/>2014 \u2013 Atual \u2013 Almanaque Multidisciplinar de Pesquisa<br \/>2019 &#8211; Atual &#8211; Revista Philologus<\/p>\r\n\r\n\r\n\r\n<p><strong>Parecerista dos seguintes Peri\u00f3dicos:<br \/><\/strong><br \/>2008 \u2013 Atual \u2013 Revista Eletr\u00f4nica do Instituto de Humanidades<br \/>2010 \u2013 Atual \u2013 Revista e-scrita: revista do curso de Letras da UNIABEU<br \/>2012 \u2013 Atual \u2013 Horizontes de Lingu\u00edstica Aplicada (Universidade Nacional de Bras\u00edlia)<br \/>2011 \u2013 Atual \u2013 Revista UNIABEU<br \/>2010 \u2013 Atual \u2013 Revista Magistro<br \/>2013 \u2013 Atual \u2013 Revista Brasileira de Estudos Pedag\u00f3gicos RBEP-INEP<br \/>2013 \u2013 Educa\u00e7\u00e3o em Revista \u2013 Programa de P\u00f3s Gradua\u00e7\u00e3o em Educa\u00e7\u00e3o da UFMG<br \/>2013 \u2013 Atual \u2013 Entretextos (UEL)<br \/>2012 \u2013 Atual \u2013 Revista E-scrita: revista do curso de Letras da UNIABEU<br \/>2015 \u2013 Atual \u2013 Gragoat\u00e1 (UFF)<\/p>\r\n\r\n\r\n\r\n<p>&nbsp;<\/p>\r\n","protected":false},"excerpt":{"rendered":"<p>Prof. Dr. M\u00e1rcio Luiz Corr\u00eaa Vila\u00e7a Curr\u00edculo Lattes: http:\/\/lattes.cnpq.br\/8277768121091487\u00a0 Forma\u00e7\u00e3o: Doutor em Letras (Estudos da Linguagem) pela UFFMestre em Lingu\u00edstica Aplicada pela UFRJEspecialista em Arquitetura e Gest\u00e3o de Infraestrutura em &hellip; <\/p>\n","protected":false},"author":2,"featured_media":0,"parent":0,"menu_order":0,"comment_status":"closed","ping_status":"closed","template":"","meta":{"footnotes":""},"class_list":["post-582","page","type-page","status-publish","hentry"],"_links":{"self":[{"href":"https:\/\/inovarconecta.com.br\/inteligenciaartificial\/wp-json\/wp\/v2\/pages\/582","targetHints":{"allow":["GET"]}}],"collection":[{"href":"https:\/\/inovarconecta.com.br\/inteligenciaartificial\/wp-json\/wp\/v2\/pages"}],"about":[{"href":"https:\/\/inovarconecta.com.br\/inteligenciaartificial\/wp-json\/wp\/v2\/types\/page"}],"author":[{"embeddable":true,"href":"https:\/\/inovarconecta.com.br\/inteligenciaartificial\/wp-json\/wp\/v2\/users\/2"}],"replies":[{"embeddable":true,"href":"https:\/\/inovarconecta.com.br\/inteligenciaartificial\/wp-json\/wp\/v2\/comments?post=582"}],"version-history":[{"count":9,"href":"https:\/\/inovarconecta.com.br\/inteligenciaartificial\/wp-json\/wp\/v2\/pages\/582\/revisions"}],"predecessor-version":[{"id":1056,"href":"https:\/\/inovarconecta.com.br\/inteligenciaartificial\/wp-json\/wp\/v2\/pages\/582\/revisions\/1056"}],"wp:attachment":[{"href":"https:\/\/inovarconecta.com.br\/inteligenciaartificial\/wp-json\/wp\/v2\/media?parent=582"}],"curies":[{"name":"wp","href":"https:\/\/api.w.org\/{rel}","templated":true}]}}