{"id":959,"date":"2022-10-24T10:00:11","date_gmt":"2022-10-24T13:00:11","guid":{"rendered":"https:\/\/cursos.inovarconecta.com.br\/?page_id=959"},"modified":"2022-10-24T10:00:11","modified_gmt":"2022-10-24T13:00:11","slug":"cultura-digital-educacao-e-formacao-de-professores","status":"publish","type":"page","link":"https:\/\/inovarconecta.com.br\/inteligenciaartificial\/cultura-digital-educacao-e-formacao-de-professores\/","title":{"rendered":"Cultura digital, educa\u00e7\u00e3o e forma\u00e7\u00e3o de professores"},"content":{"rendered":"<figure id=\"attachment_960\" aria-describedby=\"caption-attachment-960\" style=\"width: 200px\" class=\"wp-caption aligncenter\"><a href=\"http:\/\/www.editorapontocom.com.br\/livro\/70\/vilacagoncalves-culturadigital_70_62aa1e36e82a9.pdf\" target=\"_blank\" rel=\"noopener\"><img fetchpriority=\"high\" decoding=\"async\" class=\"size-medium wp-image-960\" src=\"https:\/\/inovarconecta.com.br\/inteligenciaartificial\/wp-content\/uploads\/2022\/10\/Capa-Livro-2022-Marcio-e-Lilia-200x300.jpg\" alt=\"Cultura digital, educa\u00e7\u00e3o e forma\u00e7\u00e3o de professores\" width=\"200\" height=\"300\" srcset=\"https:\/\/inovarconecta.com.br\/inteligenciaartificial\/wp-content\/uploads\/2022\/10\/Capa-Livro-2022-Marcio-e-Lilia-200x300.jpg 200w, https:\/\/inovarconecta.com.br\/inteligenciaartificial\/wp-content\/uploads\/2022\/10\/Capa-Livro-2022-Marcio-e-Lilia-683x1024.jpg 683w, https:\/\/inovarconecta.com.br\/inteligenciaartificial\/wp-content\/uploads\/2022\/10\/Capa-Livro-2022-Marcio-e-Lilia-768x1152.jpg 768w, https:\/\/inovarconecta.com.br\/inteligenciaartificial\/wp-content\/uploads\/2022\/10\/Capa-Livro-2022-Marcio-e-Lilia-600x900.jpg 600w, https:\/\/inovarconecta.com.br\/inteligenciaartificial\/wp-content\/uploads\/2022\/10\/Capa-Livro-2022-Marcio-e-Lilia.jpg 800w\" sizes=\"(max-width: 200px) 100vw, 200px\" \/><\/a><figcaption id=\"caption-attachment-960\" class=\"wp-caption-text\">Cultura digital, educa\u00e7\u00e3o e forma\u00e7\u00e3o de professores<\/figcaption><\/figure>\n<p>&nbsp;<\/p>\n<p>&nbsp;<\/p>\n<h4 class=\"titulo\" style=\"text-align: center;\"><a href=\"http:\/\/www.editorapontocom.com.br\/livro\/70\/vilacagoncalves-culturadigital_70_62aa1e36e82a9.pdf\" target=\"_blank\" rel=\"noopener\">Cultura digital, educa\u00e7\u00e3o e forma\u00e7\u00e3o de professores<\/a><\/h4>\n<h5 class=\"autores\" style=\"text-align: center;\"><a href=\"http:\/\/www.editorapontocom.com.br\/a\/72\/Lilia-Aparecida-C.-Gon%C3%A7alves\">Lilia Aparecida C. Gon\u00e7alves<\/a>,\u00a0<a href=\"http:\/\/www.editorapontocom.com.br\/a\/71\/M%C3%A1rcio-Luiz-C.-Vila%C3%A7a\">M\u00e1rcio Luiz C. Vila\u00e7a<\/a>\u00a0(orgs.)<\/h5>\n<p style=\"text-align: center;\">ISBN: 978-65-89496-06-9<\/p>\n<p style=\"text-align: center;\">Ano: 2022<\/p>\n<p><strong>Apresenta\u00e7\u00e3o:<\/strong><\/p>\n<p>Este livro se insere no projeto <em>Tecnologias, M\u00eddias e Inova\u00e7\u00e3o na Educa\u00e7\u00e3o na Era Digital: Cultura Digital, Letramento Digital, Infoinclus\u00e3o e Forma\u00e7\u00e3o de Professores<\/em>, e \u00e9 resultado da articula\u00e7\u00e3o entre pesquisadores e grupos de pesquisa do Estado do Rio de Janeiro. Participam dessa obra professores da UNIGRANRIO, UFRJ, UFF, UERJ, UFRRJ, PUC-RJ, FAETEC e UENF. O livro conta ainda com alguns cap\u00edtulos de egressos do Programa de P\u00f3s-Gradua\u00e7\u00e3o, Culturas e Artes da UNIGRANRIO. Dessa forma, a publica\u00e7\u00e3o permite pontes e di\u00e1logos entre pesquisadores experientes com jovens pesquisadores, tendo como preocupa\u00e7\u00e3o comum a ado\u00e7\u00e3o das Tecnologias Digitais de Informa\u00e7\u00e3o e Comunica\u00e7\u00e3o como ferramentas pedag\u00f3gicas, o que vem sendo a cada dia uma realidade mais presente em nossos espa\u00e7os educacionais.<\/p>\n","protected":false},"excerpt":{"rendered":"<p>&nbsp; &nbsp; Cultura digital, educa\u00e7\u00e3o e forma\u00e7\u00e3o de professores Lilia Aparecida C. Gon\u00e7alves,\u00a0M\u00e1rcio Luiz C. Vila\u00e7a\u00a0(orgs.) ISBN: 978-65-89496-06-9 Ano: 2022 Apresenta\u00e7\u00e3o: Este livro se insere no projeto Tecnologias, M\u00eddias e &hellip; <\/p>\n","protected":false},"author":1,"featured_media":0,"parent":0,"menu_order":0,"comment_status":"closed","ping_status":"closed","template":"","meta":{"footnotes":""},"class_list":["post-959","page","type-page","status-publish","hentry"],"_links":{"self":[{"href":"https:\/\/inovarconecta.com.br\/inteligenciaartificial\/wp-json\/wp\/v2\/pages\/959","targetHints":{"allow":["GET"]}}],"collection":[{"href":"https:\/\/inovarconecta.com.br\/inteligenciaartificial\/wp-json\/wp\/v2\/pages"}],"about":[{"href":"https:\/\/inovarconecta.com.br\/inteligenciaartificial\/wp-json\/wp\/v2\/types\/page"}],"author":[{"embeddable":true,"href":"https:\/\/inovarconecta.com.br\/inteligenciaartificial\/wp-json\/wp\/v2\/users\/1"}],"replies":[{"embeddable":true,"href":"https:\/\/inovarconecta.com.br\/inteligenciaartificial\/wp-json\/wp\/v2\/comments?post=959"}],"version-history":[{"count":1,"href":"https:\/\/inovarconecta.com.br\/inteligenciaartificial\/wp-json\/wp\/v2\/pages\/959\/revisions"}],"predecessor-version":[{"id":961,"href":"https:\/\/inovarconecta.com.br\/inteligenciaartificial\/wp-json\/wp\/v2\/pages\/959\/revisions\/961"}],"wp:attachment":[{"href":"https:\/\/inovarconecta.com.br\/inteligenciaartificial\/wp-json\/wp\/v2\/media?parent=959"}],"curies":[{"name":"wp","href":"https:\/\/api.w.org\/{rel}","templated":true}]}}